{"id":39342,"date":"2025-02-14T13:20:04","date_gmt":"2025-02-14T21:20:04","guid":{"rendered":"https:\/\/sentientmedia.org\/?page_id=39342"},"modified":"2024-01-29T01:58:50","modified_gmt":"2024-01-29T09:58:50","slug":"dona","status":"publish","type":"page","link":"https:\/\/sentientmedia.org\/es\/dona\/","title":{"rendered":"Dona"},"content":{"rendered":"\n<figure class=\"wp-block-image size-full\"><img decoding=\"async\" width=\"1217\" height=\"525\" src=\"https:\/\/sentientmedia.org\/wp-content\/uploads\/2024\/01\/donate-image.jpg\" alt=\"\" class=\"wp-image-39334\" srcset=\"https:\/\/sentientmedia.org\/wp-content\/uploads\/2024\/01\/donate-image.jpg 1217w, https:\/\/sentientmedia.org\/wp-content\/uploads\/2024\/01\/donate-image-300x129.jpg 300w, https:\/\/sentientmedia.org\/wp-content\/uploads\/2024\/01\/donate-image-480x207.jpg 480w, https:\/\/sentientmedia.org\/wp-content\/uploads\/2024\/01\/donate-image-1200x518.jpg 1200w\" sizes=\"(max-width: 1217px) 100vw, 1217px\" \/><\/figure>\n\n\n\n<div class=\"wp-block-columns is-layout-flex wp-container-core-columns-is-layout-9d6595d7 wp-block-columns-is-layout-flex\">\n<div class=\"wp-block-column is-layout-flow wp-block-column-is-layout-flow\">\n<p><script src=\"https:\/\/donorbox.org\/widget.js\" paypalexpress=\"false\"><\/script> <iframe style=\"max-width: 500px; min-width: 310px; max-height: none!important;\" src=\"https:\/\/donorbox.org\/embed\/sentientdonation?default_interval=m\" name=\"donorbox\" width=\"100%\" height=\"900px\" frameborder=\"0\" scrolling=\"no\" seamless=\"seamless\"><\/iframe><\/p>\n<\/div>\n\n\n\n<div class=\"wp-block-column is-layout-flow wp-block-column-is-layout-flow\">\n<h2 class=\"wp-block-heading\">El periodismo independiente depende de ti<\/h2>\n\n\n\n<p>Sentient es un medio de noticias sin fines de lucro respaldado por lectores que no se deja influenciar por los anuncios ni los m\u00e1rgenes de ganancia. Tu apoyo financia periodismo de investigaci\u00f3n, explicaciones verificadas, recursos para periodistas y asociaciones con editores para impulsar la informaci\u00f3n informada sobre las realidades de nuestro sistema alimentario. Haz una donaci\u00f3n hoy para ayudar a que el sitio y los boletines informativos de Sentient sean gratuitos.<\/p>\n\n\n\n<p><strong>En 2024, por cada $1.50 que dones, otro donante generoso donar\u00e1 $1.<\/strong><strong><br><\/strong><strong><br><\/strong>Publicamos historias que con demasiada frecuencia se ignoran: c\u00f3mo nuestro sistema alimentario se relaciona con las <a href=\"https:\/\/sentientmedia.org\/oppression-without-hierarchy-racial-justice-and-animal-advocacy\/\">desigualdades raciales y econ\u00f3micas<\/a>, la salud p\u00fablica y nuestro medioambiente. Nuestros art\u00edculos son rigurosos, est\u00e1n impulsados por la investigaci\u00f3n y se centran en soluciones m\u00e1s humanas y ecol\u00f3gicamente racionales. En un mundo donde el impacto de la agricultura industrial es a menudo poco m\u00e1s que una nota a pie de p\u00e1gina, nuestro periodismo busca abordar el impacto del elefante en la habitaci\u00f3n, de manera objetiva.<br><br>Nuestros art\u00edculos tienen un impacto real: solo en 2023 llegamos a 130 millones de lectores, fuimos republicados m\u00e1s de 300 veces en una variedad de medios y nuestro contenido ahora aparece en los primeros resultados de Google para m\u00e1s de 15,000 t\u00e9rminos de b\u00fasqueda. Cuando la gente hace preguntas como \u201c\u00bfPor qu\u00e9 comer carne es malo para el medioambiente\u201d o \u201c\u00bfC\u00f3mo afecta la agricultura a la deforestaci\u00f3n?\u201d, un art\u00edculo de Sentient es el primer resultado.<br><br>Nos asociamos con medios de comunicaci\u00f3n internacionales, nacionales y locales para llegar a audiencias diversas en todo el mundo. Hemos capacitado a cientos de escritores establecidos y aspirantes a nivel mundial para que informen sobre el clima y la agricultura de manera m\u00e1s efectiva a trav\u00e9s de nuestra <a href=\"https:\/\/sentientmedia.org\/foodandfarmingmedianetwork\/\">Food &amp; Farming Media Network<\/a> (Red de Medios sobre Alimentaci\u00f3n y Agricultura). Nuestro objetivo es servir a aquellos que hist\u00f3ricamente han sido marginados por los principales medios de comunicaci\u00f3n a trav\u00e9s de nuestro equipo de escritores y nuestra <a href=\"https:\/\/sentientmedia.org\/fellowships\/\">beca editorial<\/a>.<\/p>\n\n\n\n<p><strong>A d\u00f3nde va tu donaci\u00f3n:<\/strong><\/p>\n\n\n\n<p><strong>$25 <\/strong>Nos ayuda a verificar los datos de un bolet\u00edn informativo para garantizar que nuestra comunidad est\u00e9 actualizada sobre las \u00faltimas noticias sobre alimentaci\u00f3n, clima y salud.<\/p>\n\n\n\n<p><strong>$77 <\/strong>Nos ayuda a crear una hoja informativa basada en evidencia para capacitar a los periodistas en informar con precisi\u00f3n sobre nuestro sistema alimentario.<\/p>\n\n\n\n<p><strong>$300<\/strong> Financia un art\u00edculo original, como \u201c<a href=\"https:\/\/sentientmedia.org\/big-dairy-on-tik-tok\/\">How Big Dairy Infiltrated TikTok<\/a>\u201d.<\/p>\n\n\n\n<p><strong>$500 y m\u00e1s<\/strong> Financia una investigaci\u00f3n en profundidad de un periodista de alto impacto, como \u201c<a href=\"https:\/\/sentientmedia.org\/horse-blood-factory-farms\/\">The Blood of Pregnant Mares Fuels Factory Farming \u2013 Literally<\/a>\u201d.<\/p>\n\n\n\n<p><strong>Hazte miembro:<\/strong><\/p>\n\n\n\n<p>Ten un impacto duradero en nuestro trabajo y convi\u00e9rtete en miembro de Sentient donando mensualmente. Tu apoyo nos ayudar\u00e1 a brindar explicaciones e investigaciones verificadas d\u00eda tras d\u00eda sobre los problemas m\u00e1s urgentes de nuestro tiempo, como estos:<\/p>\n\n\n\n<ul class=\"wp-block-list\">\n<li><a href=\"https:\/\/sentientmedia.org\/horse-blood-factory-farms\/\"><strong>The Blood of Pregnant Mares Fuels Factory Farming \u2013 Literally<\/strong><\/a><\/li>\n\n\n\n<li><a href=\"https:\/\/sentientmedia.org\/meat-consumption-rising-not-the-way-you-think\/\"><strong>Meat Consumption Is Rising \u2014 But Not in the Way You Think<\/strong><\/a><\/li>\n\n\n\n<li><a href=\"https:\/\/sentientmedia.org\/hawaii-octopus-farm-controversy\/\"><strong>What Really Happened at That Controversial Octopus Farm in Hawaii<\/strong><\/a><\/li>\n\n\n\n<li><a href=\"https:\/\/sentientmedia.org\/farmed-shrimp-india\/\"><strong>America\u2019s Farmed Shrimp Habit Is Fueling Antibiotic Resistance<\/strong><\/a><\/li>\n\n\n\n<li><a href=\"https:\/\/sentientmedia.org\/mental-health-factory-farms\/\"><strong>The Mental Health Case for Leaving Factory Farms Behind<\/strong><\/a><\/li>\n<\/ul>\n\n\n\n<p><strong>Beneficios para miembros:<\/strong><\/p>\n\n\n\n<ul class=\"wp-block-list\">\n<li>Actualizaci\u00f3n editorial exclusiva para miembros y an\u00e1lisis de medios de nuestro editor en jefe o director ejecutivo cada trimestre<\/li>\n\n\n\n<li>Eventos bianuales exclusivos para miembros con nuestro equipo editorial y direcci\u00f3n<\/li>\n\n\n\n<li>Acceso anticipado a eventos y oportunidades de Sentient<\/li>\n<\/ul>\n\n\n\n<h2 class=\"wp-block-heading\"><strong><strong>Dona de otra forma<\/strong><\/strong>:<\/h2>\n\n\n\n<div class=\"wp-block-buttons is-layout-flex wp-block-buttons-is-layout-flex\">\n<div class=\"wp-block-button\"><a class=\"wp-block-button__link wp-element-button\" href=\"https:\/\/www.paypal.com\/donate\/?hosted_button_id=FXG5CTB6KASBN\" target=\"_blank\" rel=\"noreferrer noopener\">Donate via PayPal<\/a><\/div>\n<\/div>\n\n\n\n<p>\u00bfPrefieres enviar un cheque? Nuestra direcci\u00f3n postal es 18 Bartol Street #1150, San Francisco, CA 94133<\/p>\n\n\n\n<h2 class=\"wp-block-heading\"><strong><strong>Mant\u00e9nte al d\u00eda con nuestro newsletter<\/strong><\/strong><\/h2>\n\n\n\n<p><em>he Core<\/em> es un an\u00e1lisis profundo semanal sobre los problemas m\u00e1s urgentes de nuestro sistema alimentario, directamente en tu bandeja de entrada. Si deseas contenido exclusivo y lecturas esenciales, este es el bolet\u00edn para ti. <a href=\"https:\/\/sentientmedia.org\/newsletter\/\">Reg\u00edstrate aqu\u00ed <\/a>para mantenerte al d\u00eda.<\/p>\n\n\n\n<a href=\"\/\/www.guidestar.org\/profile\/shared\/5b0b3a2e-60d5-42b2-b08f-9126ca8436f6\" target=\"_blank\" rel=\"noopener\">\n  <img src=\u201chttps:\/\/widgets.guidestar.org\/TransparencySeal\/9764308\u201d \/>\n<\/a>\n<\/div>\n<\/div>\n","protected":false},"excerpt":{"rendered":"<p>El periodismo independiente depende de ti Sentient es un medio de noticias sin fines de lucro respaldado por lectores que no se deja influenciar por los anuncios ni los m\u00e1rgenes de ganancia. Tu apoyo financia periodismo de investigaci\u00f3n, explicaciones verificadas, recursos para periodistas y asociaciones con editores para impulsar la informaci\u00f3n informada sobre las realidades [&hellip;]<\/p>\n","protected":false},"author":474,"featured_media":0,"parent":0,"menu_order":0,"comment_status":"open","ping_status":"open","template":"","meta":{"_acf_changed":false,"footnotes":""},"coauthors":[],"class_list":["post-39342","page","type-page","status-publish","hentry"],"acf":[],"_links":{"self":[{"href":"https:\/\/sentientmedia.org\/es\/wp-json\/wp\/v2\/pages\/39342","targetHints":{"allow":["GET"]}}],"collection":[{"href":"https:\/\/sentientmedia.org\/es\/wp-json\/wp\/v2\/pages"}],"about":[{"href":"https:\/\/sentientmedia.org\/es\/wp-json\/wp\/v2\/types\/page"}],"author":[{"embeddable":true,"href":"https:\/\/sentientmedia.org\/es\/wp-json\/wp\/v2\/users\/474"}],"replies":[{"embeddable":true,"href":"https:\/\/sentientmedia.org\/es\/wp-json\/wp\/v2\/comments?post=39342"}],"version-history":[{"count":0,"href":"https:\/\/sentientmedia.org\/es\/wp-json\/wp\/v2\/pages\/39342\/revisions"}],"wp:attachment":[{"href":"https:\/\/sentientmedia.org\/es\/wp-json\/wp\/v2\/media?parent=39342"}],"wp:term":[{"taxonomy":"author","embeddable":true,"href":"https:\/\/sentientmedia.org\/es\/wp-json\/wp\/v2\/coauthors?post=39342"}],"curies":[{"name":"wp","href":"https:\/\/api.w.org\/{rel}","templated":true}]}}