{"id":39350,"date":"2022-01-26T21:06:52","date_gmt":"2022-01-27T05:06:52","guid":{"rendered":"https:\/\/sentientmedia.org\/?page_id=39350"},"modified":"2024-01-29T02:18:18","modified_gmt":"2024-01-29T10:18:18","slug":"politica-medioambiental","status":"publish","type":"page","link":"https:\/\/sentientmedia.org\/es\/politica-medioambiental\/","title":{"rendered":"Pol\u00edtica medioambiental"},"content":{"rendered":"\n<p>Nuestra especie no puede sobrevivir si continuamos explotando el planeta. Si los sistemas mundiales de alimentos no evolucionan, <strong>las pandemias futuras no solo ser\u00e1n probables<\/strong>, sino inevitables. En Sentient Media nos especializamos en reporteo, entrenamiento para futuros escritores y marketing digital estrat\u00e9gico para hacer que las conversaciones alrededor de estos temas se vuelvan acciones.<\/p>\n\n\n\n<p>Como parte de nuestra misi\u00f3n <strong>de construir un mejor futuro para todas las formas de vida en la tierra<\/strong>, creemos que es nuestra responsabilidad hacer lo que podamos para minimizar nuestro propio da\u00f1o medio ambiental y garantizar que nuestro equipo tenga acceso a las herramientas para hacer elecciones respetuosas con el medio ambiente.<\/p>\n\n\n\n<h2 class=\"wp-block-heading\"><strong>Nuestras pol\u00edticas:<\/strong><\/h2>\n\n\n\n<h3 class=\"wp-block-heading\"><strong>En general:<\/strong><\/h3>\n\n\n\n<ul class=\"wp-block-list\">\n<li>Mitigar la crisis clim\u00e1tica es un tema complejo y en evoluci\u00f3n. Nos esforzamos por educarnos sobre los \u00faltimos desarrollos y buscamos como referencia estudios cient\u00edficos revisados para informar nuestras decisiones.<\/li>\n\n\n\n<li>Nuestras pol\u00edticas medioambientales son un proceso de trabajo y en algunos casos nuestras soluciones son imperfectas. Estamos comprometidos en hacerlo mejor y construir soluciones sostenibles. Por favor <strong><a href=\"https:\/\/sentientmedia.org\/contact\/\" target=\"_blank\" rel=\"noreferrer noopener\">Ponte en contacto<\/a><\/strong> con nosotros si tienes tienes consejos o sugerencias.<\/li>\n\n\n\n<li>Nuestra prioridad es reducir nuestra huella de carbono por medio de las siguientes pol\u00edticas y de nuevas investigaciones y discusiones permanentes.<\/li>\n<\/ul>\n\n\n\n<h3 class=\"wp-block-heading\"><strong>Alimentos<\/strong><\/h3>\n\n\n\n<ul class=\"wp-block-list\">\n<li>El papel de la agricultura animal industrial en la aceleraci\u00f3n de la crisis clim\u00e1tica ha sido peligrosamente subestimado. La FAO considera que la agricultura animal es responsable del <strong><a href=\"https:\/\/www.fao.org\/news\/story\/en\/item\/197623\/icode\/\" target=\"_blank\" rel=\"noreferrer noopener\">14.5% de las emisiones de gases<\/a><\/strong> de efecto invernadero, una estimaci\u00f3n que no incluye las <a href=\"https:\/\/ourworldindata.org\/food-choice-vs-eating-local\" target=\"_blank\" rel=\"noreferrer noopener\"><strong>emisiones por alimentaci\u00f3n<\/strong><\/a> de los animales ni la acuicultura, <strong><a href=\"https:\/\/sentientmedia.org\/the-climate-crisis-secret\/\" target=\"_blank\" rel=\"noreferrer noopener\">entre otros factores.<\/a><\/strong><\/li>\n\n\n\n<li>Si bien no requerimos que nuestro equipo siga cierta dieta, informamos, exploramos y discutimos el impacto de la agricultura animal en la crisis clim\u00e1tica y brindamos recursos y consejos para aquellos que desean seguir una dieta basada en plantas o vegana.<\/li>\n\n\n\n<li>Todo el catering proporcionado o reembolsado por Sentient Media es vegano y libre de aceite de palma.<\/li>\n<\/ul>\n\n\n\n<h3 class=\"wp-block-heading\"><strong>Viajes<\/strong><\/h3>\n\n\n\n<ul class=\"wp-block-list\">\n<li>Ocasionalmente (m\u00e1ximo una vez al a\u00f1o), Sentient Media tendr\u00e1 un d\u00eda de entrenamiento por fuera de la oficina. Si es necesario viajar para esta actividad, el equipo debe viajar de forma sostenible (con excepciones para la seguridad y accesibilidad del personal). Como \u201csostenible\u201d se define el uso del transporte p\u00fablico como trenes y autobuses o la combinaci\u00f3n entre caminar y andar en bicicleta, etc., cuando sea posible.<\/li>\n\n\n\n<li>Sentient Media es una organizaci\u00f3n de trabajo completamente remota y alentamos a trabajar desde casa siempre que sea posible. A aquellos que prefieran un espacio de coworking les animamos a viajar tanto de ida y regreso de una forma sostenible.<\/li>\n\n\n\n<li>Todas nuestras reuniones y eventos son digitales.<\/li>\n<\/ul>\n\n\n\n<h3 class=\"wp-block-heading\"><strong>Huella digital<\/strong><\/h3>\n\n\n\n<ul class=\"wp-block-list\">\n<li>Al ser una organizaci\u00f3n de trabajo remoto, basada en la web, nuestro uso de los servicios de terceros es a un mayor costo de carbono. Estamos constantemente esforz\u00e1ndonos por trabajar con proveedores de servicios que se centran en la sostenibilidad. Por ejemplo, nuestro servicio de hosting es de <a href=\"https:\/\/www.greengeeks.com\/\" target=\"_blank\" rel=\"noreferrer noopener\"><strong>Greengeeks<\/strong><\/a> es 300% neutro en carbono.<\/li>\n\n\n\n<li>Tambi\u00e9n investigamos las pol\u00edticas ambientales de los proveedores externos para los servicios que utilizamos, desde el hosting hasta los servicios de videoconferencia. A medida que los contratos se renuevan, evaluaremos los compromisos medioambientales de los proveedores, d\u00e1ndoles las mismas consideraciones que al tema de costos, o incluso m\u00e1s.<\/li>\n<\/ul>\n\n\n\n<h3 class=\"wp-block-heading\"><strong>Hardware<\/strong><\/h3>\n\n\n\n<ul class=\"wp-block-list\">\n<li>Los computadores port\u00e1tiles, tel\u00e9fonos inteligentes y otras formas de hardware son esenciales para nuestro trabajo. Alentamos la compra de productos de larga duraci\u00f3n y mejor calidad.<\/li>\n\n\n\n<li>Recomendamos la reparaci\u00f3n en lugar de reemplazar el producto, cuando sea pr\u00e1ctico.<\/li>\n\n\n\n<li>En la medida de lo posible, animamos a nuestro personal a dar a los equipos retirados una larga vida \u00fatil, don\u00e1ndolos a un plan aprobado para reutilizaci\u00f3n o reciclaje.<\/li>\n<\/ul>\n\n\n\n<h3 class=\"wp-block-heading\"><strong>Eventos<\/strong><\/h3>\n\n\n\n<ul class=\"wp-block-list\">\n<li>A la fecha, Sentient Media nunca ha organizado un evento presencial. Aunque sabemos el beneficio de los eventos cara a cara, tambi\u00e9n queremos realizar esos eventos solamente cuando sea posible hacerlos de forma sostenible.<\/li>\n\n\n\n<li>En caso de que fu\u00e9ramos a organizar un evento presencial, alentar\u00edamos a los asistentes a viajar de forma sostenible o compensar su huella de carbono; cuando organizamos el transporte a nombre de otros, siempre ofrecemos viajes sostenibles en aquellos casos donde sea pr\u00e1ctico y tambi\u00e9n vuelos que compensen la huella de carbono.<\/li>\n\n\n\n<li>Cualquier evento presencial tambi\u00e9n ser\u00eda sin papel, vegano, libre de aceite de palma, sin bolsa de bienvenida y bajo est\u00e1ndares de comercio justo. Cada aspecto de un evento presencial se manejar\u00e1 de la forma m\u00e1s respetuosa con el medio ambiente.<\/li>\n\n\n\n<li>Cada aspecto de un evento presencial se manejar\u00e1 de la forma m\u00e1s respetuosa con el medio ambiente.<\/li>\n\n\n\n<li>Para nuestros eventos virtuales, revisamos y evaluamos las plataformas que brindan alojamiento para revisar sus pol\u00edticas ambientales a medida que las licencias se renuevan.<\/li>\n<\/ul>\n\n\n\n<h3 class=\"wp-block-heading\"><strong>Entornos de trabajo<\/strong><\/h3>\n\n\n\n<ul class=\"wp-block-list\">\n<li>Animamos a nuestro equipo a mantener espacios de trabajo sin papel. Se recomienda el uso de vasos reutilizables y agua del grifo (cuando sea posible), y se desaconseja el uso de pl\u00e1sticos de un solo uso para fines laborales.<\/li>\n\n\n\n<li>Estamos comprometidos en hacer lo mejor para nuestro equipo en sus hogares, y esta \u00e1rea a\u00fan est\u00e1 en progreso.<\/li>\n<\/ul>\n\n\n\n<h3 class=\"wp-block-heading\"><strong>Queremos hacerlo mejor<\/strong><\/h3>\n\n\n\n<p>Estamos ansiosos por aprender m\u00e1s, implementar mejores pol\u00edticas y seguir reduciendo nuestro impacto ambiental. Si quieres ayudarnos, con el ejemplo o con ideas, <strong><a href=\"https:\/\/sentientmedia.org\/contact\/\" target=\"_blank\" rel=\"noreferrer noopener\">por favor, h\u00e1znoslo saber<\/a><\/strong>.<\/p>\n\n\n\n<p><em>Esta pol\u00edtica fue inspirada en<\/em> <a href=\"https:\/\/www.mysociety.org\/environment-policy\/\" target=\"_blank\" rel=\"noreferrer noopener\"><strong><em>mySociety<\/em><\/strong><\/a><strong><em>.<\/em><\/strong><\/p>\n","protected":false},"excerpt":{"rendered":"<p>Nuestra especie no puede sobrevivir si continuamos explotando el planeta. Si los sistemas mundiales de alimentos no evolucionan, las pandemias futuras no solo ser\u00e1n probables, sino inevitables. En Sentient Media nos especializamos en reporteo, entrenamiento para futuros escritores y marketing digital estrat\u00e9gico para hacer que las conversaciones alrededor de estos temas se vuelvan acciones. Como [&hellip;]<\/p>\n","protected":false},"author":474,"featured_media":0,"parent":0,"menu_order":0,"comment_status":"open","ping_status":"open","template":"","meta":{"_acf_changed":false,"footnotes":""},"coauthors":[],"class_list":["post-39350","page","type-page","status-publish","hentry"],"acf":[],"_links":{"self":[{"href":"https:\/\/sentientmedia.org\/es\/wp-json\/wp\/v2\/pages\/39350","targetHints":{"allow":["GET"]}}],"collection":[{"href":"https:\/\/sentientmedia.org\/es\/wp-json\/wp\/v2\/pages"}],"about":[{"href":"https:\/\/sentientmedia.org\/es\/wp-json\/wp\/v2\/types\/page"}],"author":[{"embeddable":true,"href":"https:\/\/sentientmedia.org\/es\/wp-json\/wp\/v2\/users\/474"}],"replies":[{"embeddable":true,"href":"https:\/\/sentientmedia.org\/es\/wp-json\/wp\/v2\/comments?post=39350"}],"version-history":[{"count":0,"href":"https:\/\/sentientmedia.org\/es\/wp-json\/wp\/v2\/pages\/39350\/revisions"}],"wp:attachment":[{"href":"https:\/\/sentientmedia.org\/es\/wp-json\/wp\/v2\/media?parent=39350"}],"wp:term":[{"taxonomy":"author","embeddable":true,"href":"https:\/\/sentientmedia.org\/es\/wp-json\/wp\/v2\/coauthors?post=39350"}],"curies":[{"name":"wp","href":"https:\/\/api.w.org\/{rel}","templated":true}]}}