{"id":39354,"date":"2021-02-27T01:31:47","date_gmt":"2021-02-27T09:31:47","guid":{"rendered":"https:\/\/sentientmedia.org\/?page_id=39354"},"modified":"2024-01-29T02:24:37","modified_gmt":"2024-01-29T10:24:37","slug":"publica-con-nosotros","status":"publish","type":"page","link":"https:\/\/sentientmedia.org\/es\/publica-con-nosotros\/","title":{"rendered":"Publica con nosotros"},"content":{"rendered":"\n<p>Sentient Media es un <strong>medio de comunicaci\u00f3n sin fines de lucro que cubre la cr\u00eda industrial de animales y la pol\u00edtica animal<\/strong>. Con reportajes originales y explicaciones clave, buscamos cambiar la conversaci\u00f3n en torno a nuestro sistema alimentario.<\/p>\n\n\n\n<p>Cada historia debe encajar en al menos una de nuestras \u00e1reas de cobertura: <strong>agricultura,<\/strong> <strong>ciencia<\/strong>, <strong>clima<\/strong>, <strong>salud<\/strong> y <strong>justicia<\/strong>.<\/p>\n\n\n\n<p>Lo que S\u00cd estamos buscando:<\/p>\n\n\n\n<p>An\u00e1lisis y reportajes originales que aporten al lector algo nuevo con hechos, evidencia e investigaci\u00f3n.<\/p>\n\n\n\n<p>Art\u00edculos de perspectiva general y reportajes locales \u2014 historias que se conectan con la conversaci\u00f3n m\u00e1s amplia sobre los impactos de la cr\u00eda industrial de animales.<\/p>\n\n\n\n<p>Lo que NO estamos buscando:<\/p>\n\n\n\n<p>Opiniones tradicionales y ensayos personales.<\/p>\n\n\n\n<p>Historias o ensayos que aborden principalmente un debate dentro de la comunidad vegana o de derechos de los animales.<\/p>\n\n\n\n<p><strong>Algunos ejemplos de nuestras historias favoritas para publicar:<\/strong><\/p>\n\n\n\n<ul class=\"wp-block-list\">\n<li>Nueva investigaci\u00f3n sobre animales de granja o vida silvestre, incluidos estudios sobre la inteligencia y percepci\u00f3n animal. Estas historias aprovechan la creciente curiosidad del p\u00fablico sobre las vidas internas y experiencias de los animales.<\/li>\n\n\n\n<li>Investigaciones sobre granjas industriales.<\/li>\n\n\n\n<li>Nueva investigaci\u00f3n sobre cambios diet\u00e9ticos o en el sistema alimentario.<\/li>\n\n\n\n<li>Reportajes sobre desarrollos en pol\u00edticas de EE.UU.<\/li>\n\n\n\n<li>Reportajes de investigaci\u00f3n sobre la industria ganadera.<\/li>\n<\/ul>\n\n\n\n<p>Nuestras tarifas comienzan desde $200 y aumentan desde ah\u00ed. Pagamos tarifas m\u00e1s altas para periodistas con experiencia y para historias que requieren un reportaje o investigaci\u00f3n significativos.<\/p>\n\n\n\n<p>Ten en cuenta que nuestras historias son tambi\u00e9n sensibles a los animales, lo que significa que siempre incluimos la experiencia y bienestar de los animales en nuestros an\u00e1lisis y reportajes.<\/p>\n\n\n\n<h2 class=\"wp-block-heading\">C\u00f3mo enviar tu propuesta:<\/h2>\n\n\n\n<p>Por favor, env\u00eda tu propuesta con la siguiente informaci\u00f3n a la editora jefe Jenny Splitter: <a href=\"mailto:pitches@sentientmedia.org\" target=\"_blank\" rel=\"noreferrer noopener\"><u>jenny@sentientmedia.org<\/u><\/a>:<\/p>\n\n\n\n<ul class=\"wp-block-list\">\n<li>Un p\u00e1rrafo que explique la historia que deseas escribir. Este p\u00e1rrafo deber\u00eda indicar la gran conclusi\u00f3n de esta historia y por qu\u00e9 es importante cubrir ese \u00e1ngulo ahora. Dinos qu\u00e9 hay de nuevo que no ha sido contado antes. Entre 3 y 5 vi\u00f1etas de los puntos que quieres destacar en esta historia. Dinos qu\u00e9 hay de nuevo que no ha sido contado antes.<\/li>\n\n\n\n<li>Entre 3 y 5 vi\u00f1etas de los puntos que quieres destacar en esta historia.<\/li>\n\n\n\n<li>Cu\u00e1les son tus fuentes: entrevistas, investigaci\u00f3n, pruebas, qu\u00e9 respalda los puntos principales de tu art\u00edculo.<\/li>\n\n\n\n<li>Si no has escrito antes para Sentient Media, env\u00eda un par de enlaces a tus trabajos publicados.<\/li>\n<\/ul>\n","protected":false},"excerpt":{"rendered":"<p>Sentient Media es un medio de comunicaci\u00f3n sin fines de lucro que cubre la cr\u00eda industrial de animales y la pol\u00edtica animal. Con reportajes originales y explicaciones clave, buscamos cambiar la conversaci\u00f3n en torno a nuestro sistema alimentario. Cada historia debe encajar en al menos una de nuestras \u00e1reas de cobertura: agricultura, ciencia, clima, salud [&hellip;]<\/p>\n","protected":false},"author":474,"featured_media":39609,"parent":0,"menu_order":0,"comment_status":"open","ping_status":"open","template":"","meta":{"_acf_changed":false,"footnotes":""},"coauthors":[],"class_list":["post-39354","page","type-page","status-publish","has-post-thumbnail","hentry"],"acf":[],"_links":{"self":[{"href":"https:\/\/sentientmedia.org\/es\/wp-json\/wp\/v2\/pages\/39354","targetHints":{"allow":["GET"]}}],"collection":[{"href":"https:\/\/sentientmedia.org\/es\/wp-json\/wp\/v2\/pages"}],"about":[{"href":"https:\/\/sentientmedia.org\/es\/wp-json\/wp\/v2\/types\/page"}],"author":[{"embeddable":true,"href":"https:\/\/sentientmedia.org\/es\/wp-json\/wp\/v2\/users\/474"}],"replies":[{"embeddable":true,"href":"https:\/\/sentientmedia.org\/es\/wp-json\/wp\/v2\/comments?post=39354"}],"version-history":[{"count":0,"href":"https:\/\/sentientmedia.org\/es\/wp-json\/wp\/v2\/pages\/39354\/revisions"}],"wp:featuredmedia":[{"embeddable":true,"href":"https:\/\/sentientmedia.org\/es\/wp-json\/wp\/v2\/media\/39609"}],"wp:attachment":[{"href":"https:\/\/sentientmedia.org\/es\/wp-json\/wp\/v2\/media?parent=39354"}],"wp:term":[{"taxonomy":"author","embeddable":true,"href":"https:\/\/sentientmedia.org\/es\/wp-json\/wp\/v2\/coauthors?post=39354"}],"curies":[{"name":"wp","href":"https:\/\/api.w.org\/{rel}","templated":true}]}}