{"id":39365,"date":"2020-09-02T22:21:09","date_gmt":"2020-09-03T05:21:09","guid":{"rendered":"https:\/\/sentientmedia.org\/?page_id=39365"},"modified":"2024-01-29T02:35:21","modified_gmt":"2024-01-29T10:35:21","slug":"nuestro-personal","status":"publish","type":"page","link":"https:\/\/sentientmedia.org\/es\/nuestro-personal\/","title":{"rendered":"Nuestro personal"},"content":{"rendered":"\n<p>Sentient Media es una organizaci\u00f3n period\u00edstica sin fines de lucro dedicada a cambiar la conversaci\u00f3n sobre la agricultura animal<\/p>\n\n\n\n<p>Descubre c\u00f3mo proponernos tu idea <a href=\"https:\/\/sentientmedia.org\/author\/jennifermishler\/\" target=\"_blank\" rel=\"noreferrer noopener\">aqu\u00ed<\/a>.<\/p>\n\n\n\n<h2 class=\"wp-block-heading\">Equipo<\/h2>\n\n\n<section id=\"block_acf-block-65b77f6821619\" class=\"People Block Block--people\">\n          <div class=\"Person\">\n        <div class=\"Person__Photo\">\n                      <img decoding=\"async\" class=\"Person__Image\" src=\"https:\/\/sentientmedia.org\/wp-content\/themes\/sentient\/assets\/images\/profile.svg\" alt=\"\" width=\"100\" height=\"100\" loading=\"lazy\">\n                  <\/div>\n                  <h2 class=\"Person__Name Heading\">\n            <a href=\"https:\/\/sentientmedia.org\/author\/anabradley\/\" class=\"Person__Link\">Ana Bradley<\/a>\n          <\/h2>\n                          <p class=\"Person__JobTitle\">Executive Director<\/p>\n              <\/div>\n        <div class=\"Person\">\n        <div class=\"Person__Photo\">\n                      <img decoding=\"async\" class=\"Person__Image\" src=\"https:\/\/sentientmedia.org\/wp-content\/themes\/sentient\/assets\/images\/profile.svg\" alt=\"\" width=\"100\" height=\"100\" loading=\"lazy\">\n                  <\/div>\n                  <h2 class=\"Person__Name Heading\">\n            <a href=\"https:\/\/sentientmedia.org\/author\/destinydesjesus\/\" class=\"Person__Link\">Destiny DeJes\u00fas<\/a>\n          <\/h2>\n                          <p class=\"Person__JobTitle\">Program Coordinator<\/p>\n              <\/div>\n        <div class=\"Person\">\n        <div class=\"Person__Photo\">\n                      <img decoding=\"async\" class=\"Person__Image\" src=\"https:\/\/sentientmedia.org\/wp-content\/themes\/sentient\/assets\/images\/profile.svg\" alt=\"\" width=\"100\" height=\"100\" loading=\"lazy\">\n                  <\/div>\n                  <h2 class=\"Person__Name Heading\">\n            <a href=\"https:\/\/sentientmedia.org\/author\/gracehussain\/\" class=\"Person__Link\">Grace Hussain<\/a>\n          <\/h2>\n                          <p class=\"Person__JobTitle\">Staff Writer<\/p>\n              <\/div>\n        <div class=\"Person\">\n        <div class=\"Person__Photo\">\n                      <img decoding=\"async\" class=\"Person__Image\" src=\"https:\/\/sentientmedia.org\/wp-content\/themes\/sentient\/assets\/images\/profile.svg\" alt=\"\" width=\"100\" height=\"100\" loading=\"lazy\">\n                  <\/div>\n                  <h2 class=\"Person__Name Heading\">\n            <a href=\"https:\/\/sentientmedia.org\/author\/rachelkrantz\/\" class=\"Person__Link\">Rachel Krantz<\/a>\n          <\/h2>\n                          <p class=\"Person__JobTitle\"> Editorial and Outreach Manager<\/p>\n              <\/div>\n        <div class=\"Person\">\n        <div class=\"Person__Photo\">\n                      <img decoding=\"async\" class=\"Person__Image\" src=\"https:\/\/sentientmedia.org\/wp-content\/themes\/sentient\/assets\/images\/profile.svg\" alt=\"\" width=\"100\" height=\"100\" loading=\"lazy\">\n                  <\/div>\n                  <h2 class=\"Person__Name Heading\">\n            <a href=\"https:\/\/sentientmedia.org\/author\/taylormeek\/\" class=\"Person__Link\">Taylor Meek<\/a>\n          <\/h2>\n                          <p class=\"Person__JobTitle\">Development u0026 Project Coordinator<\/p>\n              <\/div>\n        <div class=\"Person\">\n        <div class=\"Person__Photo\">\n                      <img decoding=\"async\" class=\"Person__Image\" src=\"https:\/\/sentientmedia.org\/wp-content\/themes\/sentient\/assets\/images\/profile.svg\" alt=\"\" width=\"100\" height=\"100\" loading=\"lazy\">\n                  <\/div>\n                  <h2 class=\"Person__Name Heading\">\n            <a href=\"https:\/\/sentientmedia.org\/author\/sethmillstein\/\" class=\"Person__Link\">Seth Millstein<\/a>\n          <\/h2>\n                          <p class=\"Person__JobTitle\"> Staff Writer<\/p>\n              <\/div>\n        <div class=\"Person\">\n        <div class=\"Person__Photo\">\n                      <img decoding=\"async\" class=\"Person__Image\" src=\"https:\/\/sentientmedia.org\/wp-content\/themes\/sentient\/assets\/images\/profile.svg\" alt=\"\" width=\"100\" height=\"100\" loading=\"lazy\">\n                  <\/div>\n                  <h2 class=\"Person__Name Heading\">\n            <a href=\"https:\/\/sentientmedia.org\/author\/matildanunezdelpradoalanes\/\" class=\"Person__Link\">Matilde Nu\u00f1ez del Prado Alanes<\/a>\n          <\/h2>\n                          <p class=\"Person__JobTitle\">Program Assistant <\/p>\n              <\/div>\n        <div class=\"Person\">\n        <div class=\"Person__Photo\">\n                      <img decoding=\"async\" class=\"Person__Image\" src=\"https:\/\/sentientmedia.org\/wp-content\/themes\/sentient\/assets\/images\/profile.svg\" alt=\"\" width=\"100\" height=\"100\" loading=\"lazy\">\n                  <\/div>\n                  <h2 class=\"Person__Name Heading\">\n            <a href=\"https:\/\/sentientmedia.org\/author\/bjornolafsson\/\" class=\"Person__Link\">Bj\u00f6rn \u00d3lafsson<\/a>\n          <\/h2>\n                          <p class=\"Person__JobTitle\"> Contributing Writer u0026 Program Assistant<\/p>\n              <\/div>\n        <div class=\"Person\">\n        <div class=\"Person__Photo\">\n                      <img decoding=\"async\" class=\"Person__Image\" src=\"https:\/\/sentientmedia.org\/wp-content\/themes\/sentient\/assets\/images\/profile.svg\" alt=\"\" width=\"100\" height=\"100\" loading=\"lazy\">\n                  <\/div>\n                  <h2 class=\"Person__Name Heading\">\n            <a href=\"https:\/\/sentientmedia.org\/author\/rafaelsimoes\/\" class=\"Person__Link\">Rafael Sim\u00f5es<\/a>\n          <\/h2>\n                          <p class=\"Person__JobTitle\"> Senior Digital Strategist<\/p>\n              <\/div>\n        <div class=\"Person\">\n        <div class=\"Person__Photo\">\n                      <img decoding=\"async\" class=\"Person__Image\" src=\"https:\/\/sentientmedia.org\/wp-content\/themes\/sentient\/assets\/images\/profile.svg\" alt=\"\" width=\"100\" height=\"100\" loading=\"lazy\">\n                  <\/div>\n                  <h2 class=\"Person__Name Heading\">\n            <a href=\"https:\/\/sentientmedia.org\/author\/jessicascottreid\/\" class=\"Person__Link\">Jessica Scott-Reid<\/a>\n          <\/h2>\n                          <p class=\"Person__JobTitle\"> News and Features Writer<\/p>\n              <\/div>\n        <div class=\"Person\">\n        <div class=\"Person__Photo\">\n                      <img decoding=\"async\" class=\"Person__Image\" src=\"https:\/\/sentientmedia.org\/wp-content\/themes\/sentient\/assets\/images\/profile.svg\" alt=\"\" width=\"100\" height=\"100\" loading=\"lazy\">\n                  <\/div>\n                  <h2 class=\"Person__Name Heading\">\n            <a href=\"https:\/\/sentientmedia.org\/author\/jennysplitter\/\" class=\"Person__Link\">Jenny Splitter<\/a>\n          <\/h2>\n                          <p class=\"Person__JobTitle\">Managing Editor<\/p>\n              <\/div>\n  <\/section>\n\n\n<h2 class=\"wp-block-heading\">Junta Directiva<\/h2>\n\n\n<section id=\"block_acf-block-65b77f682167d\" class=\"People Block Block--people\">\n          <div class=\"Person\">\n        <div class=\"Person__Photo\">\n                      <img decoding=\"async\" class=\"Person__Image\" src=\"https:\/\/sentientmedia.org\/wp-content\/themes\/sentient\/assets\/images\/profile.svg\" alt=\"\" width=\"100\" height=\"100\" loading=\"lazy\">\n                  <\/div>\n                  <h2 class=\"Person__Name Heading\">\n            <a href=\"https:\/\/sentientmedia.org\/author\/deborahb\/\" class=\"Person__Link\">Deborah Brewster<\/a>\n          <\/h2>\n                      <\/div>\n        <div class=\"Person\">\n        <div class=\"Person__Photo\">\n                      <img decoding=\"async\" class=\"Person__Image\" src=\"https:\/\/sentientmedia.org\/wp-content\/themes\/sentient\/assets\/images\/profile.svg\" alt=\"\" width=\"100\" height=\"100\" loading=\"lazy\">\n                  <\/div>\n                  <h2 class=\"Person__Name Heading\">\n            <a href=\"https:\/\/sentientmedia.org\/author\/dch\/\" class=\"Person__Link\">David Coman-Hidy<\/a>\n          <\/h2>\n                      <\/div>\n        <div class=\"Person\">\n        <div class=\"Person__Photo\">\n                      <img decoding=\"async\" class=\"Person__Image\" src=\"https:\/\/sentientmedia.org\/wp-content\/themes\/sentient\/assets\/images\/profile.svg\" alt=\"\" width=\"100\" height=\"100\" loading=\"lazy\">\n                  <\/div>\n                  <h2 class=\"Person__Name Heading\">\n            <a href=\"https:\/\/sentientmedia.org\/author\/mikko-jarvenpaa\/\" class=\"Person__Link\">Mikko J\u00e4rvenp\u00e4\u00e4<\/a>\n          <\/h2>\n                      <\/div>\n        <div class=\"Person\">\n        <div class=\"Person__Photo\">\n                      <img decoding=\"async\" class=\"Person__Image\" src=\"https:\/\/sentientmedia.org\/wp-content\/themes\/sentient\/assets\/images\/profile.svg\" alt=\"\" width=\"100\" height=\"100\" loading=\"lazy\">\n                  <\/div>\n                  <h2 class=\"Person__Name Heading\">\n            <a href=\"https:\/\/sentientmedia.org\/author\/cailenlabarge\/\" class=\"Person__Link\">Cailen LaBarge<\/a>\n          <\/h2>\n                      <\/div>\n  <\/section>\n\n\n<h1 class=\"wp-block-heading\">Apoyo<\/h1>\n\n\n\n<p>Sentient Media es una organizaci\u00f3n sin fines de lucro 501 (c) (3) Nuestros donantes fundadores incluyen a la Fundaci\u00f3n J\u00e4rvenp\u00e4\u00e4, el Fondo de Altruismo Eficaz para el Bienestar Animal y el proyecto Open Philanthropy.<\/p>\n\n\n\n<p>Nuestro continuo crecimiento es posible gracias a la generosidad de donantes particulares y a nuestros lectores. Conoce aqu\u00ed <a href=\"https:\/\/sentientmedia.org\/es\/done\/\" rel=\"noreferrer noopener\" target=\"_blank\">c\u00f3mo apoyar nuestro trabajo<\/a>.<\/p>\n","protected":false},"excerpt":{"rendered":"<p>Sentient Media es una organizaci\u00f3n period\u00edstica sin fines de lucro dedicada a cambiar la conversaci\u00f3n sobre la agricultura animal Descubre c\u00f3mo proponernos tu idea aqu\u00ed. Equipo Junta Directiva Apoyo Sentient Media es una organizaci\u00f3n sin fines de lucro 501 (c) (3) Nuestros donantes fundadores incluyen a la Fundaci\u00f3n J\u00e4rvenp\u00e4\u00e4, el Fondo de Altruismo Eficaz para [&hellip;]<\/p>\n","protected":false},"author":474,"featured_media":0,"parent":0,"menu_order":0,"comment_status":"open","ping_status":"open","template":"","meta":{"_acf_changed":false,"footnotes":""},"coauthors":[],"class_list":["post-39365","page","type-page","status-publish","hentry"],"acf":[],"_links":{"self":[{"href":"https:\/\/sentientmedia.org\/es\/wp-json\/wp\/v2\/pages\/39365","targetHints":{"allow":["GET"]}}],"collection":[{"href":"https:\/\/sentientmedia.org\/es\/wp-json\/wp\/v2\/pages"}],"about":[{"href":"https:\/\/sentientmedia.org\/es\/wp-json\/wp\/v2\/types\/page"}],"author":[{"embeddable":true,"href":"https:\/\/sentientmedia.org\/es\/wp-json\/wp\/v2\/users\/474"}],"replies":[{"embeddable":true,"href":"https:\/\/sentientmedia.org\/es\/wp-json\/wp\/v2\/comments?post=39365"}],"version-history":[{"count":0,"href":"https:\/\/sentientmedia.org\/es\/wp-json\/wp\/v2\/pages\/39365\/revisions"}],"wp:attachment":[{"href":"https:\/\/sentientmedia.org\/es\/wp-json\/wp\/v2\/media?parent=39365"}],"wp:term":[{"taxonomy":"author","embeddable":true,"href":"https:\/\/sentientmedia.org\/es\/wp-json\/wp\/v2\/coauthors?post=39365"}],"curies":[{"name":"wp","href":"https:\/\/api.w.org\/{rel}","templated":true}]}}