{"id":39373,"date":"2020-09-02T22:21:21","date_gmt":"2020-09-03T05:21:21","guid":{"rendered":"https:\/\/sentientmedia.org\/?page_id=39373"},"modified":"2024-01-29T02:42:53","modified_gmt":"2024-01-29T10:42:53","slug":"hazte-voluntario-a","status":"publish","type":"page","link":"https:\/\/sentientmedia.org\/es\/hazte-voluntario-a\/","title":{"rendered":"Hazte voluntario\/a"},"content":{"rendered":"\n<h3 class=\"wp-block-heading\">Convi\u00e9rtete en voluntario\/a de redes sociales:<\/h3>\n\n\n\n<p>El Programa de Voluntariado de Redes Sociales de Sentient Media recluta personas de <strong>todo el mundo<\/strong>. Nuestros voluntarios de redes sociales ayudan a impulsar nuestra presencia en todas las plataformas principales y llevan las <strong>noticias sobre animales al ojo p\u00fablico.<\/strong> Los voluntarios de redes sociales trabajan de cerca con nuestro\/a community manager para aprender a crear contenido period\u00edstico que invite a la reflexi\u00f3n, con la intenci\u00f3n de llegar a nuevos p\u00fablicos y fomentar la participaci\u00f3n de la audiencia.<\/p>\n\n\n\n<p><a href=\"https:\/\/docs.google.com\/forms\/d\/e\/1FAIpQLSfFsNUTGB9aLoJOzi7-3Gk7yAmOvvHcneJotJsP4lL5rgeJ7Q\/viewform\" target=\"_blank\" rel=\"noreferrer noopener\">Post\u00falate para ser voluntario\/a de redes sociales<\/a><\/p>\n\n\n\n<h3 class=\"wp-block-heading\">Convi\u00e9rtete en voluntario\/a editorial:<\/h3>\n\n\n\n<p>El Programa de Voluntariado Editorial de Sentient Media recibe profesionales de una amplia variedad de especialidades para obtener <strong>experiencia editorial pr\u00e1ctica<\/strong> y ayudar a impulsar la producci\u00f3n de contenido en nuestra plataforma. Nuestro equipo de voluntarios editoriales trabaja de cerca con nuestro\/a reportero\/a y editor\/a principal para aprender a producir historias convincentes y originales sobre los animales para la audiencia de Sentient Media.<\/p>\n\n\n\n<p><a href=\"https:\/\/docs.google.com\/forms\/d\/e\/1FAIpQLSdDlmUqSXLt_UDs5THy133iXs4SzE4S9Noq9TPhiEXUjpyoBA\/viewform?usp=sf_link\" target=\"_blank\" rel=\"noreferrer noopener\">Post\u00falate para ser voluntario\/a editorial.<\/a><\/p>\n\n\n\n<p>\u00bfTienes otras ideas sobre c\u00f3mo participar? Nos encantar\u00eda conocerlas. Por favor, cont\u00e1ctanos en <a href=\"mailto:hello@sentientmedia.org\">hello@sentientmedia.org<\/a>.<\/p>\n","protected":false},"excerpt":{"rendered":"<p>Convi\u00e9rtete en voluntario\/a de redes sociales: El Programa de Voluntariado de Redes Sociales de Sentient Media recluta personas de todo el mundo. Nuestros voluntarios de redes sociales ayudan a impulsar nuestra presencia en todas las plataformas principales y llevan las noticias sobre animales al ojo p\u00fablico. Los voluntarios de redes sociales trabajan de cerca con [&hellip;]<\/p>\n","protected":false},"author":474,"featured_media":0,"parent":0,"menu_order":0,"comment_status":"open","ping_status":"open","template":"","meta":{"_acf_changed":false,"footnotes":""},"coauthors":[],"class_list":["post-39373","page","type-page","status-publish","hentry"],"acf":[],"_links":{"self":[{"href":"https:\/\/sentientmedia.org\/es\/wp-json\/wp\/v2\/pages\/39373","targetHints":{"allow":["GET"]}}],"collection":[{"href":"https:\/\/sentientmedia.org\/es\/wp-json\/wp\/v2\/pages"}],"about":[{"href":"https:\/\/sentientmedia.org\/es\/wp-json\/wp\/v2\/types\/page"}],"author":[{"embeddable":true,"href":"https:\/\/sentientmedia.org\/es\/wp-json\/wp\/v2\/users\/474"}],"replies":[{"embeddable":true,"href":"https:\/\/sentientmedia.org\/es\/wp-json\/wp\/v2\/comments?post=39373"}],"version-history":[{"count":0,"href":"https:\/\/sentientmedia.org\/es\/wp-json\/wp\/v2\/pages\/39373\/revisions"}],"wp:attachment":[{"href":"https:\/\/sentientmedia.org\/es\/wp-json\/wp\/v2\/media?parent=39373"}],"wp:term":[{"taxonomy":"author","embeddable":true,"href":"https:\/\/sentientmedia.org\/es\/wp-json\/wp\/v2\/coauthors?post=39373"}],"curies":[{"name":"wp","href":"https:\/\/api.w.org\/{rel}","templated":true}]}}